{"id":10,"date":"2023-04-10T21:42:40","date_gmt":"2023-04-10T21:42:40","guid":{"rendered":"https:\/\/ariane.stolfi.org\/site\/?page_id=10"},"modified":"2023-09-30T00:41:03","modified_gmt":"2023-09-30T00:41:03","slug":"sobre","status":"publish","type":"page","link":"https:\/\/ariane.stolfi.org\/site\/","title":{"rendered":"info"},"content":{"rendered":"\n<p><br>ariane stolfi<br>design grafico desde 1999<\/p>\n\n\n\n<p>portfolio de trabalhos<br>e experimentos<\/p>\n\n\n\n<p><br><br><a href=\"https:\/\/usp-br.academia.edu\/arianesouzastolfi\" target=\"_blank\" rel=\"noreferrer noopener\">textos no academia.edu<\/a><\/p>\n\n\n\n<p>doutorado:<br><a href=\"https:\/\/teses.usp.br\/teses\/disponiveis\/27\/27158\/tde-06092019-114352\/pt-br.php\" target=\"_blank\" rel=\"noreferrer noopener\">M\u00fasica em Rede: experimentos em intera\u00e7\u00e3o musical<\/a><\/p>\n\n\n\n<p>mestrado:<br><a href=\"http:\/\/www.teses.usp.br\/teses\/disponiveis\/16\/16134\/tde-16062010-083032\/pt-br.php\" target=\"_blank\" rel=\"noreferrer noopener\">forma aparente e forma oculta<\/a><\/p>\n\n\n\n<p>tfg:<br><a href=\"http:\/\/finetanks.com\/upload\/html_css_javascript_reference_guide.pdf\" target=\"_blank\" rel=\"noreferrer noopener\">guia de refer\u00eancia de HTML, CSS, JavaScript e DOM<\/a><\/p>\n\n\n\n<p>incia\u00e7\u00e3o cient\u00edfica:<br><a href=\"http:\/\/finetanks.com\/referencia\/index.html\" target=\"_blank\" rel=\"noreferrer noopener\">legibilidade e evolu\u00e7\u00e3o das m\u00eddias<\/a><\/p>\n\n\n\n<p>github:<br><a href=\"https:\/\/github.com\/arianestolfi\" target=\"_blank\" rel=\"noreferrer noopener\">https:\/\/github.com\/arianestolfi<\/a><\/p>\n\n\n\n<p>soundcloud:<br><a href=\"https:\/\/soundcloud.com\/asss\" target=\"_blank\" rel=\"noreferrer noopener\">https:\/\/soundcloud.com\/asss<\/a><\/p>\n\n\n\n<p><a href=\"http:\/\/lattes.cnpq.br\/3217432620729747\" target=\"_blank\" rel=\"noreferrer noopener\">curriculum lattes<\/a><br><\/p>\n","protected":false},"excerpt":{"rendered":"<p>ariane stolfidesign grafico desde 1999 portfolio de trabalhose experimentos textos no academia.edu doutorado:M\u00fasica em Rede: experimentos em intera\u00e7\u00e3o musical mestrado:forma aparente e forma oculta tfg:guia de refer\u00eancia de HTML, CSS, JavaScript e DOM incia\u00e7\u00e3o cient\u00edfica:legibilidade e evolu\u00e7\u00e3o das m\u00eddias github:https:\/\/github.com\/arianestolfi soundcloud:https:\/\/soundcloud.com\/asss curriculum lattes<\/p>\n","protected":false},"author":1,"featured_media":0,"parent":0,"menu_order":0,"comment_status":"closed","ping_status":"closed","template":"","meta":{"footnotes":""},"class_list":["post-10","page","type-page","status-publish","hentry"],"_links":{"self":[{"href":"https:\/\/ariane.stolfi.org\/site\/wp-json\/wp\/v2\/pages\/10","targetHints":{"allow":["GET"]}}],"collection":[{"href":"https:\/\/ariane.stolfi.org\/site\/wp-json\/wp\/v2\/pages"}],"about":[{"href":"https:\/\/ariane.stolfi.org\/site\/wp-json\/wp\/v2\/types\/page"}],"author":[{"embeddable":true,"href":"https:\/\/ariane.stolfi.org\/site\/wp-json\/wp\/v2\/users\/1"}],"replies":[{"embeddable":true,"href":"https:\/\/ariane.stolfi.org\/site\/wp-json\/wp\/v2\/comments?post=10"}],"version-history":[{"count":4,"href":"https:\/\/ariane.stolfi.org\/site\/wp-json\/wp\/v2\/pages\/10\/revisions"}],"predecessor-version":[{"id":188,"href":"https:\/\/ariane.stolfi.org\/site\/wp-json\/wp\/v2\/pages\/10\/revisions\/188"}],"wp:attachment":[{"href":"https:\/\/ariane.stolfi.org\/site\/wp-json\/wp\/v2\/media?parent=10"}],"curies":[{"name":"wp","href":"https:\/\/api.w.org\/{rel}","templated":true}]}}